{"id":4133,"date":"2024-01-22T05:56:35","date_gmt":"2024-01-22T05:56:35","guid":{"rendered":"https:\/\/pasitoskidslc.com\/?page_id=4133"},"modified":"2024-01-22T05:56:35","modified_gmt":"2024-01-22T05:56:35","slug":"formulario-de-consentimiento-de-los-padres","status":"publish","type":"page","link":"https:\/\/pasitoskidslc.com\/en\/formulario-de-consentimiento-de-los-padres\/","title":{"rendered":"Formulario de consentimiento de los padres"},"content":{"rendered":"<section id=\"bt_bb_section69d8233c3125e\" class=\"bt_bb_section bt_bb_layout_boxed_1200 bt_bb_vertical_align_top bt_bb_top_spacing_large bt_bb_bottom_spacing_large\" style=\";background-color:rgb(250,245,242);\" data-bt-override-class=\"{&quot;bt_bb_top_spacing_&quot;:{&quot;current_class&quot;:&quot;bt_bb_top_spacing_large&quot;,&quot;def&quot;:&quot;large&quot;,&quot;xl&quot;:&quot;large&quot;},&quot;bt_bb_bottom_spacing_&quot;:{&quot;current_class&quot;:&quot;bt_bb_bottom_spacing_large&quot;,&quot;def&quot;:&quot;large&quot;,&quot;xl&quot;:&quot;large&quot;}}\"><div class=\"bt_bb_port\"><div class=\"bt_bb_cell\"><div class=\"bt_bb_cell_inner\"><div class=\"bt_bb_row\"  data-bt-override-class=\"{}\"><div class=\"bt_bb_row_holder\" ><div  class=\"bt_bb_column col-xxl-12 col-xl-12 col-xs-12 col-sm-12 col-md-12 col-lg-12 bt_bb_vertical_align_top bt_bb_align_center bt_bb_padding_normal bt_bb_animation_fade_in animate bt_bb_shape_inherit\" style=\"; --column-width:12;\" data-width=\"12\" data-bt-override-class=\"{&quot;bt_bb_align_&quot;:{&quot;current_class&quot;:&quot;bt_bb_align_center&quot;,&quot;def&quot;:&quot;center&quot;,&quot;xl&quot;:&quot;center&quot;},&quot;bt_bb_padding_&quot;:{&quot;current_class&quot;:&quot;bt_bb_padding_normal&quot;,&quot;def&quot;:&quot;normal&quot;,&quot;xl&quot;:&quot;normal&quot;}}\"><div class=\"bt_bb_column_content\"><div class=\"bt_bb_column_content_inner\"><header data-bb-version=\"4.7.6\" class=\"bt_bb_headline bt_bb_subheadline_text_transform_default bt_bb_dash_none bt_bb_size_extralarge bt_bb_align_inherit\" data-bt-override-class=\"{&quot;bt_bb_size_&quot;:{&quot;current_class&quot;:&quot;bt_bb_size_extralarge&quot;,&quot;def&quot;:&quot;extralarge&quot;},&quot;bt_bb_align_&quot;:{&quot;current_class&quot;:&quot;bt_bb_align_inherit&quot;,&quot;def&quot;:&quot;inherit&quot;}}\"><h2 class=\"bt_bb_headline_tag\"><span class=\"bt_bb_headline_content\"><span>Formulario de consentimiento de los padres<\/span><\/span><\/h2><\/header><div class=\"bt_bb_separator_v2 bt_bb_border_style_none bt_bb_top_spacing_none bt_bb_bottom_spacing_normal bt_bb_border_thickness_1 bt_bb_icon_size_normal bt_bb_text_size_normal bt_bb_separator_v2_without_content\" data-bt-override-class=\"{&quot;bt_bb_top_spacing_&quot;:{&quot;current_class&quot;:&quot;bt_bb_top_spacing_none&quot;,&quot;def&quot;:&quot;none&quot;,&quot;xl&quot;:&quot;none&quot;},&quot;bt_bb_bottom_spacing_&quot;:{&quot;current_class&quot;:&quot;bt_bb_bottom_spacing_normal&quot;,&quot;def&quot;:&quot;normal&quot;,&quot;xl&quot;:&quot;normal&quot;},&quot;bt_bb_border_thickness_&quot;:{&quot;current_class&quot;:&quot;bt_bb_border_thickness_1&quot;,&quot;def&quot;:&quot;1&quot;,&quot;xl&quot;:&quot;1&quot;},&quot;bt_bb_icon_size_&quot;:{&quot;current_class&quot;:&quot;bt_bb_icon_size_normal&quot;,&quot;def&quot;:&quot;normal&quot;,&quot;xl&quot;:&quot;normal&quot;},&quot;bt_bb_text_size_&quot;:{&quot;current_class&quot;:&quot;bt_bb_text_size_normal&quot;,&quot;def&quot;:&quot;normal&quot;,&quot;xl&quot;:&quot;normal&quot;}}\"><div class=\"bt_bb_separator_v2_inner\"><span class=\"bt_bb_separator_v2_inner_before\"><\/span><span class=\"bt_bb_separator_v2_inner_content\"><span  data-ico-=\"&#x;\" class=\"bt_bb_icon_holder\"><\/span><\/span><span class=\"bt_bb_separator_v2_inner_after\"><\/span><\/div><\/div><div data-bb-version=\"4.7.6\"  class=\"bt_bb_text\" ><div class=\"forminator-ui forminator-custom-form forminator-custom-form-4167 forminator-design--default  forminator_ajax\" data-forminator-render=\"0\" data-form=\"forminator-module-4167\" data-uid=\"69d8233c31684\"><br\/><\/div><form\r\n\t\t\t\tid=\"forminator-module-4167\"\r\n\t\t\t\tclass=\"forminator-ui forminator-custom-form forminator-custom-form-4167 forminator-design--default  forminator_ajax\"\r\n\t\t\t\tmethod=\"post\"\r\n\t\t\t\tdata-forminator-render=\"0\"\r\n\t\t\t\tdata-form-id=\"4167\"\r\n\t\t\t\t data-color-option=\"default\" data-design=\"default\" data-grid=\"open\" style=\"display: none;\"\r\n\t\t\t\tdata-uid=\"69d8233c31684\" action=\"\"\r\n\t\t\t><div role=\"alert\" aria-live=\"polite\" class=\"forminator-response-message forminator-error\" aria-hidden=\"true\"><\/div><div class=\"forminator-row\"><div id=\"textarea-1\" class=\"forminator-field-textarea forminator-col forminator-col-12\"><div class=\"forminator-field\"><label for=\"forminator-field-textarea-1_69d8233c31684\" id=\"forminator-field-textarea-1_69d8233c31684-label\" class=\"forminator-label\">Permiso de medios<\/label><textarea name=\"textarea-1\" placeholder=\"Permiso de medios para entrevistas, uso de fotograf\u00eda y nombre del estudiante Pasito Kids Learning Center celebra los trabajos, actividades, excursiones y eventos de los ni\u00f1os que se llevan a cabo en nuestro centro y actividades externas en la comunidad. A veces, podemos enviar videos o fotos con art\u00edculos para el peri\u00f3dico, los anuarios, el bolet\u00edn informativo, el sitio web de nuestro centro, Instagram o Facebook, y para mostrarlos en la escuela o la comunidad. A veces, durante el a\u00f1o, los fot\u00f3grafos de los peri\u00f3dicos y los equipos de televisi\u00f3n pueden visitar nuestro centro para entrevistar a los estudiantes y fotografiar o grabar historias relacionadas con el Centro, como el comentario o la fotograf\u00eda de su hijo que puede aparecer en el peri\u00f3dico o en una cinta de video para la televisi\u00f3n. Estamos pidiendo su consentimiento para permitir que su hijo sea parte de cualquiera de esas actividades. Seleccione una opci\u00f3n de cada secci\u00f3n a continuaci\u00f3n y firme en la parte inferior.\" id=\"forminator-field-textarea-1_69d8233c31684\" class=\"forminator-textarea\" rows=\"6\" style=\"min-height:350px;\" ><\/textarea><\/div><\/div><\/div><div class=\"forminator-row\"><div id=\"radio-1\" class=\"forminator-field-radio forminator-col forminator-col-12\"><div role=\"radiogroup\" class=\"forminator-field\" aria-labelledby=\"forminator-radiogroup-radio-1-69d8233c31684-label\"><span id=\"forminator-radiogroup-radio-1-69d8233c31684-label\" class=\"forminator-label\">Trabajo y fotograf\u00eda del estudiante <span class=\"forminator-required\">*<\/span><\/span><label id=\"forminator-field-radio-1-label-1\" for=\"forminator-field-radio-1-1-69d8233c31684\" class=\"forminator-radio\" title=\"S\u00ed, doy permiso a Pasito Kids Learning Center para mostrar videos o fotos del trabajo de mi hijo con el nombre y la foto con fines de informaci\u00f3n p\u00fablica (es decir, mural del centro, p\u00e1gina web del centro, Facebook, Instagram, peri\u00f3dicos, boletines) para que se muestren en la escuela o comunidad.\"><input type=\"radio\" name=\"radio-1\" value=\"one\" id=\"forminator-field-radio-1-1-69d8233c31684\" aria-labelledby=\"forminator-field-radio-1-label-1\" data-calculation=\"0\"   data-hidden-behavior=\"zero\"\/><span class=\"forminator-radio-bullet\" aria-hidden=\"true\"><\/span><span class=\"forminator-radio-label\">S\u00ed, doy permiso a Pasito Kids Learning Center para mostrar videos o fotos del trabajo de mi hijo con el nombre y la foto con fines de informaci\u00f3n p\u00fablica (es decir, mural del centro, p\u00e1gina web del centro, Facebook, Instagram, peri\u00f3dicos, boletines) para que se muestren en la escuela o comunidad.<\/span><\/label><label id=\"forminator-field-radio-1-label-2\" for=\"forminator-field-radio-1-2-69d8233c31684\" class=\"forminator-radio\" title=\"No, no doy permiso a Pasito Kids Learning Center para mostrar el trabajo de mi hijo con nombre y foto para fines de informaci\u00f3n p\u00fablica.\"><input type=\"radio\" name=\"radio-1\" value=\"two\" id=\"forminator-field-radio-1-2-69d8233c31684\" aria-labelledby=\"forminator-field-radio-1-label-2\" data-calculation=\"0\"   data-hidden-behavior=\"zero\"\/><span class=\"forminator-radio-bullet\" aria-hidden=\"true\"><\/span><span class=\"forminator-radio-label\">No, no doy permiso a Pasito Kids Learning Center para mostrar el trabajo de mi hijo con nombre y foto para fines de informaci\u00f3n p\u00fablica.<\/span><\/label><\/div><\/div><\/div><div class=\"forminator-row\"><div id=\"radio-2\" class=\"forminator-field-radio forminator-col forminator-col-12\"><div role=\"radiogroup\" class=\"forminator-field\" aria-labelledby=\"forminator-radiogroup-radio-2-69d8233c31684-label\"><span id=\"forminator-radiogroup-radio-2-69d8233c31684-label\" class=\"forminator-label\">Entrevista al estudiante <span class=\"forminator-required\">*<\/span><\/span><label id=\"forminator-field-radio-2-label-1\" for=\"forminator-field-radio-2-1-69d8233c31684\" class=\"forminator-radio\" title=\"S\u00ed, doy permiso para entrevistar a mi hijo e imprimir o grabar extractos de la conversaci\u00f3n para fines de informaci\u00f3n p\u00fablica.\"><input type=\"radio\" name=\"radio-2\" value=\"one\" id=\"forminator-field-radio-2-1-69d8233c31684\" aria-labelledby=\"forminator-field-radio-2-label-1\" data-calculation=\"0\"   data-hidden-behavior=\"zero\"\/><span class=\"forminator-radio-bullet\" aria-hidden=\"true\"><\/span><span class=\"forminator-radio-label\">S\u00ed, doy permiso para entrevistar a mi hijo e imprimir o grabar extractos de la conversaci\u00f3n para fines de informaci\u00f3n p\u00fablica.<\/span><\/label><label id=\"forminator-field-radio-2-label-2\" for=\"forminator-field-radio-2-2-69d8233c31684\" class=\"forminator-radio\" title=\"No, no doy permiso para entrevistar a mi hijo y para imprimir o grabar extractos de la conversaci\u00f3n con fines de informaci\u00f3n p\u00fablica.\"><input type=\"radio\" name=\"radio-2\" value=\"two\" id=\"forminator-field-radio-2-2-69d8233c31684\" aria-labelledby=\"forminator-field-radio-2-label-2\" data-calculation=\"0\"   data-hidden-behavior=\"zero\"\/><span class=\"forminator-radio-bullet\" aria-hidden=\"true\"><\/span><span class=\"forminator-radio-label\">No, no doy permiso para entrevistar a mi hijo y para imprimir o grabar extractos de la conversaci\u00f3n con fines de informaci\u00f3n p\u00fablica.<\/span><\/label><\/div><\/div><\/div><div class=\"forminator-row\"><div id=\"radio-3\" class=\"forminator-field-radio forminator-col forminator-col-12\"><div role=\"radiogroup\" class=\"forminator-field\" aria-labelledby=\"forminator-radiogroup-radio-3-69d8233c31684-label\"><span id=\"forminator-radiogroup-radio-3-69d8233c31684-label\" class=\"forminator-label\">Cinta de video del estudiante <span class=\"forminator-required\">*<\/span><\/span><label id=\"forminator-field-radio-3-label-1\" for=\"forminator-field-radio-3-1-69d8233c31684\" class=\"forminator-radio\" title=\"S\u00ed, doy permiso para grabar en video a mi hijo.\"><input type=\"radio\" name=\"radio-3\" value=\"one\" id=\"forminator-field-radio-3-1-69d8233c31684\" aria-labelledby=\"forminator-field-radio-3-label-1\" data-calculation=\"0\"   data-hidden-behavior=\"zero\"\/><span class=\"forminator-radio-bullet\" aria-hidden=\"true\"><\/span><span class=\"forminator-radio-label\">S\u00ed, doy permiso para grabar en video a mi hijo.<\/span><\/label><label id=\"forminator-field-radio-3-label-2\" for=\"forminator-field-radio-3-2-69d8233c31684\" class=\"forminator-radio\" title=\"No, no doy permiso para grabar en video a mi hijo.\"><input type=\"radio\" name=\"radio-3\" value=\"two\" id=\"forminator-field-radio-3-2-69d8233c31684\" aria-labelledby=\"forminator-field-radio-3-label-2\" data-calculation=\"0\"   data-hidden-behavior=\"zero\"\/><span class=\"forminator-radio-bullet\" aria-hidden=\"true\"><\/span><span class=\"forminator-radio-label\">No, no doy permiso para grabar en video a mi hijo.<\/span><\/label><\/div><\/div><\/div><div class=\"forminator-row\"><div id=\"name-2\" class=\"forminator-field-name forminator-col forminator-col-6\"><div class=\"forminator-field\"><label for=\"forminator-field-name-2_69d8233c31684\" id=\"forminator-field-name-2_69d8233c31684-label\" class=\"forminator-label\">Apellido del estudiante<\/label><input type=\"text\" name=\"name-2\" value=\"\" placeholder=\"\" id=\"forminator-field-name-2_69d8233c31684\" class=\"forminator-input forminator-name--field\" aria-required=\"false\" autocomplete=\"name\" \/><\/div><\/div><div id=\"name-4\" class=\"forminator-field-name forminator-col forminator-col-6\"><div class=\"forminator-field\"><label for=\"forminator-field-name-4_69d8233c31684\" id=\"forminator-field-name-4_69d8233c31684-label\" class=\"forminator-label\">Primer nombre<\/label><input type=\"text\" name=\"name-4\" value=\"\" placeholder=\"\" id=\"forminator-field-name-4_69d8233c31684\" class=\"forminator-input forminator-name--field\" aria-required=\"false\" autocomplete=\"name\" \/><\/div><\/div><\/div><div class=\"forminator-row\"><div id=\"name-6\" class=\"forminator-field-name forminator-col forminator-col-6\"><div class=\"forminator-field\"><label for=\"forminator-field-name-6_69d8233c31684\" id=\"forminator-field-name-6_69d8233c31684-label\" class=\"forminator-label\">Apellido del padre<\/label><input type=\"text\" name=\"name-6\" value=\"\" placeholder=\"\" id=\"forminator-field-name-6_69d8233c31684\" class=\"forminator-input forminator-name--field\" aria-required=\"false\" autocomplete=\"name\" \/><\/div><\/div><div id=\"name-5\" class=\"forminator-field-name forminator-col forminator-col-6\"><div class=\"forminator-field\"><label for=\"forminator-field-name-5_69d8233c31684\" id=\"forminator-field-name-5_69d8233c31684-label\" class=\"forminator-label\">Primer nombre<\/label><input type=\"text\" name=\"name-5\" value=\"\" placeholder=\"\" id=\"forminator-field-name-5_69d8233c31684\" class=\"forminator-input forminator-name--field\" aria-required=\"false\" autocomplete=\"name\" \/><\/div><\/div><\/div><div class=\"forminator-row\"><div id=\"name-3\" class=\"forminator-field-name forminator-col forminator-col-6\"><div class=\"forminator-field\"><label for=\"forminator-field-name-3_69d8233c31684\" id=\"forminator-field-name-3_69d8233c31684-label\" class=\"forminator-label\">Padre\/Madre\/Tutor(a)<\/label><input type=\"text\" name=\"name-3\" value=\"\" placeholder=\"\" id=\"forminator-field-name-3_69d8233c31684\" class=\"forminator-input forminator-name--field\" aria-required=\"false\" autocomplete=\"name\" \/><\/div><\/div><div id=\"signature-1\" class=\"forminator-field-signature forminator-col forminator-col-6\"><div class=\"forminator-field forminator-field-signature\"><label for=\"forminator-field-ctlSignature69d8233c3598c\" id=\"forminator-field-ctlSignature69d8233c3598c-label\" class=\"forminator-label\">Firma<\/label><div class=\"forminator-signature\" data-elementheight=\"180\"><span id=\"ctlSignature69d8233c3598c_placeholder\" class=\"forminator-signature--placeholder\" aria-hidden=\"true\"><\/span><div id=\"ctlSignature69d8233c3598c_Container\" class=\"forminator-signature--container\"><canvas id=\"ctlSignature69d8233c3598c\" class=\"forminator-signature-canvas\" height=\"180\" tabindex=\"-1\"><p>Your browser does not support e-Signature field.<\/p><\/canvas><\/div><\/div><input type=\"hidden\" name=\"field-signature-1\" value=\"69d8233c3598c\" class=\"signature-prefix\"><\/div><\/div><\/div><div class=\"forminator-row\"><div id=\"date-1\" class=\"forminator-field-date forminator-col forminator-col-12\"><div class=\"forminator-field\"><label for=\"forminator-field-date-1-picker_69d8233c31684\" id=\"forminator-field-date-1-picker_69d8233c31684-label\" class=\"forminator-label\">Fecha<\/label><div class=\"forminator-input-with-icon\"><span class=\"forminator-icon-calendar\" aria-hidden=\"true\"><\/span><input autocomplete=\"off\" type=\"text\" size=\"1\" name=\"date-1\" value=\"\" placeholder=\"\" id=\"forminator-field-date-1-picker_69d8233c31684\" class=\"forminator-input forminator-datepicker\" data-required=\"\" data-format=\"mm\/dd\/yy\" data-restrict-type=\"\" data-restrict=\"\" data-start-year=\"1926\" data-end-year=\"2126\" data-past-dates=\"enable\" data-start-of-week=\"1\" data-start-date=\"\" data-end-date=\"\" data-start-field=\"\" data-end-field=\"\" data-start-offset=\"\" data-end-offset=\"\" data-disable-date=\"\" data-disable-range=\"\" \/><\/div><\/div><\/div><\/div><input type=\"hidden\" name=\"referer_url\" value=\"\" \/><div class=\"forminator-row forminator-row-last\"><div class=\"forminator-col\"><div class=\"forminator-field\"><button class=\"forminator-button forminator-button-submit\">Send Message<\/button><\/div><\/div><\/div><input type=\"hidden\" id=\"forminator_nonce\" name=\"forminator_nonce\" value=\"85e6a4aea1\" \/><input type=\"hidden\" name=\"_wp_http_referer\" value=\"\/en\/wp-json\/wp\/v2\/pages\/4133\" \/><input type=\"hidden\" name=\"form_id\" value=\"4167\"><input type=\"hidden\" name=\"page_id\" value=\"4133\"><input type=\"hidden\" name=\"form_type\" value=\"default\"><input type=\"hidden\" name=\"current_url\" value=\"https:\/\/pasitoskidslc.com\/en\/formulario-de-consentimiento-de-los-padres\/\"><input type=\"hidden\" name=\"render_id\" value=\"0\"><input type=\"hidden\" name=\"action\" value=\"forminator_submit_form_custom-forms\"><input type=\"hidden\" name=\"trp-form-language\" value=\"en\"\/><\/form><\/div><div class=\"bt_bb_separator_v2 bt_bb_border_style_none bt_bb_top_spacing_none bt_bb_bottom_spacing_40 bt_bb_border_thickness_1 bt_bb_icon_size_normal bt_bb_text_size_normal bt_bb_separator_v2_without_content\" data-bt-override-class=\"{&quot;bt_bb_top_spacing_&quot;:{&quot;current_class&quot;:&quot;bt_bb_top_spacing_none&quot;,&quot;def&quot;:&quot;none&quot;,&quot;xl&quot;:&quot;none&quot;},&quot;bt_bb_bottom_spacing_&quot;:{&quot;current_class&quot;:&quot;bt_bb_bottom_spacing_40&quot;,&quot;def&quot;:&quot;40&quot;,&quot;xl&quot;:&quot;40&quot;},&quot;bt_bb_border_thickness_&quot;:{&quot;current_class&quot;:&quot;bt_bb_border_thickness_1&quot;,&quot;def&quot;:&quot;1&quot;,&quot;xl&quot;:&quot;1&quot;},&quot;bt_bb_icon_size_&quot;:{&quot;current_class&quot;:&quot;bt_bb_icon_size_normal&quot;,&quot;def&quot;:&quot;normal&quot;,&quot;xl&quot;:&quot;normal&quot;},&quot;bt_bb_text_size_&quot;:{&quot;current_class&quot;:&quot;bt_bb_text_size_normal&quot;,&quot;def&quot;:&quot;normal&quot;,&quot;xl&quot;:&quot;normal&quot;}}\"><div class=\"bt_bb_separator_v2_inner\"><span class=\"bt_bb_separator_v2_inner_before\"><\/span><span class=\"bt_bb_separator_v2_inner_content\"><span  data-ico-=\"&#x;\" class=\"bt_bb_icon_holder\"><\/span><\/span><span class=\"bt_bb_separator_v2_inner_after\"><\/span><\/div><\/div><\/div><\/div><\/div><\/div><\/div><\/div><!-- cell_inner --><\/div><!-- cell --><\/div><!-- port --><\/section>","protected":false},"excerpt":{"rendered":"","protected":false},"author":2,"featured_media":3631,"parent":0,"menu_order":0,"comment_status":"closed","ping_status":"closed","template":"","meta":{"footnotes":""},"class_list":["post-4133","page","type-page","status-publish","has-post-thumbnail","hentry"],"_links":{"self":[{"href":"https:\/\/pasitoskidslc.com\/en\/wp-json\/wp\/v2\/pages\/4133","targetHints":{"allow":["GET"]}}],"collection":[{"href":"https:\/\/pasitoskidslc.com\/en\/wp-json\/wp\/v2\/pages"}],"about":[{"href":"https:\/\/pasitoskidslc.com\/en\/wp-json\/wp\/v2\/types\/page"}],"author":[{"embeddable":true,"href":"https:\/\/pasitoskidslc.com\/en\/wp-json\/wp\/v2\/users\/2"}],"replies":[{"embeddable":true,"href":"https:\/\/pasitoskidslc.com\/en\/wp-json\/wp\/v2\/comments?post=4133"}],"version-history":[{"count":0,"href":"https:\/\/pasitoskidslc.com\/en\/wp-json\/wp\/v2\/pages\/4133\/revisions"}],"wp:featuredmedia":[{"embeddable":true,"href":"https:\/\/pasitoskidslc.com\/en\/wp-json\/wp\/v2\/media\/3631"}],"wp:attachment":[{"href":"https:\/\/pasitoskidslc.com\/en\/wp-json\/wp\/v2\/media?parent=4133"}],"curies":[{"name":"wp","href":"https:\/\/api.w.org\/{rel}","templated":true}]}}